{"id":3878,"date":"2021-12-07T11:19:35","date_gmt":"2021-12-07T10:19:35","guid":{"rendered":"https:\/\/www.korad-radiators.sk\/?page_id=3878"},"modified":"2021-12-07T12:16:06","modified_gmt":"2021-12-07T11:16:06","slug":"download","status":"publish","type":"page","link":"https:\/\/www.korad-radiators.sk\/ru\/download\/","title":{"rendered":"Download"},"content":{"rendered":"\n<figure class=\"wp-block-image size-large\"><img loading=\"lazy\" decoding=\"async\" width=\"350\" height=\"207\" src=\"https:\/\/www.korad-radiators.sk\/wp-content\/uploads\/2015\/02\/box-image-1-e1638875174361.jpg\" alt=\"\" class=\"wp-image-2541\"\/><\/figure>\n\n\n\n<h2 class=\"has-text-align-left wp-block-heading\"><a href=\"https:\/\/www.korad-radiators.sk\/dokumentacia\/\" target=\"_blank\" rel=\"noreferrer noopener\">Dokument\u00e1cia<\/a><\/h2>\n\n\n\n<h2 class=\"has-text-align-left wp-block-heading\"><a href=\"https:\/\/www.korad-radiators.sk\/softver\/\" target=\"_blank\" rel=\"noreferrer noopener\">Softv\u00e9r<\/a><\/h2>\n\n\n\n<p><\/p>\n","protected":false},"excerpt":{"rendered":"<p>Dokument\u00e1cia Softv\u00e9r<\/p>\n","protected":false},"author":1,"featured_media":0,"parent":0,"menu_order":0,"comment_status":"closed","ping_status":"closed","template":"template-without-footer.php","meta":{"_acf_changed":false,"_monsterinsights_skip_tracking":false,"_monsterinsights_sitenote_active":false,"_monsterinsights_sitenote_note":"","_monsterinsights_sitenote_category":0,"footnotes":""},"class_list":["post-3878","page","type-page","status-publish","hentry"],"translation":{"provider":"WPGlobus","version":"3.0.2","language":"ru","enabled_languages":["sk","en","ru"],"languages":{"sk":{"title":true,"content":true,"excerpt":false},"en":{"title":false,"content":false,"excerpt":false},"ru":{"title":false,"content":false,"excerpt":false}}},"acf":[],"yoast_head":"<!-- This site is optimized with the Yoast SEO plugin v27.4 - https:\/\/yoast.com\/product\/yoast-seo-wordpress\/ -->\n<title>Download - Radi\u00e1tory KORAD<\/title>\n<meta name=\"robots\" content=\"index, follow, max-snippet:-1, max-image-preview:large, max-video-preview:-1\" \/>\n<link rel=\"canonical\" href=\"https:\/\/www.korad-radiators.sk\/download\/\" \/>\n<meta property=\"og:locale\" content=\"ru_RU\" \/>\n<meta property=\"og:type\" content=\"article\" \/>\n<meta property=\"og:title\" content=\"Download - Radi\u00e1tory KORAD\" \/>\n<meta property=\"og:url\" content=\"https:\/\/www.korad-radiators.sk\/download\/\" \/>\n<meta property=\"og:site_name\" content=\"Radi\u00e1tory KORAD\" \/>\n<meta property=\"article:modified_time\" content=\"2021-12-07T11:16:06+00:00\" \/>\n<meta property=\"og:image\" content=\"https:\/\/www.korad-radiators.sk\/wp-content\/uploads\/2015\/02\/box-image-1-e1638875174361.jpg\" \/>\n<meta name=\"twitter:card\" content=\"summary_large_image\" \/>\n<script type=\"application\/ld+json\" class=\"yoast-schema-graph\">{\"@context\":\"https:\\\/\\\/schema.org\",\"@graph\":[{\"@type\":\"WebPage\",\"@id\":\"https:\\\/\\\/www.korad-radiators.sk\\\/download\\\/\",\"url\":\"https:\\\/\\\/www.korad-radiators.sk\\\/download\\\/\",\"name\":\"Download - Radi\u00e1tory KORAD\",\"isPartOf\":{\"@id\":\"https:\\\/\\\/www.korad-radiators.sk\\\/#website\"},\"primaryImageOfPage\":{\"@id\":\"https:\\\/\\\/www.korad-radiators.sk\\\/download\\\/#primaryimage\"},\"image\":{\"@id\":\"https:\\\/\\\/www.korad-radiators.sk\\\/download\\\/#primaryimage\"},\"thumbnailUrl\":\"https:\\\/\\\/www.korad-radiators.sk\\\/wp-content\\\/uploads\\\/2015\\\/02\\\/box-image-1-e1638875174361.jpg\",\"datePublished\":\"2021-12-07T10:19:35+00:00\",\"dateModified\":\"2021-12-07T11:16:06+00:00\",\"breadcrumb\":{\"@id\":\"https:\\\/\\\/www.korad-radiators.sk\\\/download\\\/#breadcrumb\"},\"inLanguage\":\"ru-RU\",\"potentialAction\":[{\"@type\":\"ReadAction\",\"target\":[\"https:\\\/\\\/www.korad-radiators.sk\\\/download\\\/\"]}]},{\"@type\":\"ImageObject\",\"inLanguage\":\"ru-RU\",\"@id\":\"https:\\\/\\\/www.korad-radiators.sk\\\/download\\\/#primaryimage\",\"url\":\"https:\\\/\\\/www.korad-radiators.sk\\\/wp-content\\\/uploads\\\/2015\\\/02\\\/box-image-1-e1638875174361.jpg\",\"contentUrl\":\"https:\\\/\\\/www.korad-radiators.sk\\\/wp-content\\\/uploads\\\/2015\\\/02\\\/box-image-1-e1638875174361.jpg\"},{\"@type\":\"BreadcrumbList\",\"@id\":\"https:\\\/\\\/www.korad-radiators.sk\\\/download\\\/#breadcrumb\",\"itemListElement\":[{\"@type\":\"ListItem\",\"position\":1,\"name\":\"Domovsk\u00e1 str\u00e1nka\",\"item\":\"https:\\\/\\\/www.korad-radiators.sk\\\/\"},{\"@type\":\"ListItem\",\"position\":2,\"name\":\"Download\"}]},{\"@type\":\"WebSite\",\"@id\":\"https:\\\/\\\/www.korad-radiators.sk\\\/#website\",\"url\":\"https:\\\/\\\/www.korad-radiators.sk\\\/\",\"name\":\"Radi\u00e1tory KORAD\",\"description\":\"panelov\u00e9 radi\u00e1tory\",\"publisher\":{\"@id\":\"https:\\\/\\\/www.korad-radiators.sk\\\/#organization\"},\"alternateName\":\"Panelov\u00e9 radi\u00e1tory KORAD Ko\u0161ice\",\"potentialAction\":[{\"@type\":\"SearchAction\",\"target\":{\"@type\":\"EntryPoint\",\"urlTemplate\":\"https:\\\/\\\/www.korad-radiators.sk\\\/?s={search_term_string}\"},\"query-input\":{\"@type\":\"PropertyValueSpecification\",\"valueRequired\":true,\"valueName\":\"search_term_string\"}}],\"inLanguage\":\"ru-RU\"},{\"@type\":\"Organization\",\"@id\":\"https:\\\/\\\/www.korad-radiators.sk\\\/#organization\",\"name\":\"KORAD Radiators s.r.o.\",\"alternateName\":\"Panelov\u00e9 radi\u00e1tory KORAD Ko\u0161ice\",\"url\":\"https:\\\/\\\/www.korad-radiators.sk\\\/\",\"logo\":{\"@type\":\"ImageObject\",\"inLanguage\":\"ru-RU\",\"@id\":\"https:\\\/\\\/www.korad-radiators.sk\\\/#\\\/schema\\\/logo\\\/image\\\/\",\"url\":\"https:\\\/\\\/www.korad-radiators.sk\\\/wp-content\\\/uploads\\\/2020\\\/05\\\/logo-korad.jpg\",\"contentUrl\":\"https:\\\/\\\/www.korad-radiators.sk\\\/wp-content\\\/uploads\\\/2020\\\/05\\\/logo-korad.jpg\",\"width\":479,\"height\":151,\"caption\":\"KORAD Radiators s.r.o.\"},\"image\":{\"@id\":\"https:\\\/\\\/www.korad-radiators.sk\\\/#\\\/schema\\\/logo\\\/image\\\/\"}}]}<\/script>\n<!-- \/ Yoast SEO plugin. -->","yoast_head_json":{"title":"Download - Radi\u00e1tory KORAD","robots":{"index":"index","follow":"follow","max-snippet":"max-snippet:-1","max-image-preview":"max-image-preview:large","max-video-preview":"max-video-preview:-1"},"canonical":"https:\/\/www.korad-radiators.sk\/download\/","og_locale":"ru_RU","og_type":"article","og_title":"Download - Radi\u00e1tory KORAD","og_url":"https:\/\/www.korad-radiators.sk\/download\/","og_site_name":"Radi\u00e1tory KORAD","article_modified_time":"2021-12-07T11:16:06+00:00","og_image":[{"url":"https:\/\/www.korad-radiators.sk\/wp-content\/uploads\/2015\/02\/box-image-1-e1638875174361.jpg","type":"","width":"","height":""}],"twitter_card":"summary_large_image","schema":{"@context":"https:\/\/schema.org","@graph":[{"@type":"WebPage","@id":"https:\/\/www.korad-radiators.sk\/download\/","url":"https:\/\/www.korad-radiators.sk\/download\/","name":"Download - Radi\u00e1tory KORAD","isPartOf":{"@id":"https:\/\/www.korad-radiators.sk\/#website"},"primaryImageOfPage":{"@id":"https:\/\/www.korad-radiators.sk\/download\/#primaryimage"},"image":{"@id":"https:\/\/www.korad-radiators.sk\/download\/#primaryimage"},"thumbnailUrl":"https:\/\/www.korad-radiators.sk\/wp-content\/uploads\/2015\/02\/box-image-1-e1638875174361.jpg","datePublished":"2021-12-07T10:19:35+00:00","dateModified":"2021-12-07T11:16:06+00:00","breadcrumb":{"@id":"https:\/\/www.korad-radiators.sk\/download\/#breadcrumb"},"inLanguage":"ru-RU","potentialAction":[{"@type":"ReadAction","target":["https:\/\/www.korad-radiators.sk\/download\/"]}]},{"@type":"ImageObject","inLanguage":"ru-RU","@id":"https:\/\/www.korad-radiators.sk\/download\/#primaryimage","url":"https:\/\/www.korad-radiators.sk\/wp-content\/uploads\/2015\/02\/box-image-1-e1638875174361.jpg","contentUrl":"https:\/\/www.korad-radiators.sk\/wp-content\/uploads\/2015\/02\/box-image-1-e1638875174361.jpg"},{"@type":"BreadcrumbList","@id":"https:\/\/www.korad-radiators.sk\/download\/#breadcrumb","itemListElement":[{"@type":"ListItem","position":1,"name":"Domovsk\u00e1 str\u00e1nka","item":"https:\/\/www.korad-radiators.sk\/"},{"@type":"ListItem","position":2,"name":"Download"}]},{"@type":"WebSite","@id":"https:\/\/www.korad-radiators.sk\/#website","url":"https:\/\/www.korad-radiators.sk\/","name":"Radi\u00e1tory KORAD","description":"panelov\u00e9 radi\u00e1tory","publisher":{"@id":"https:\/\/www.korad-radiators.sk\/#organization"},"alternateName":"Panelov\u00e9 radi\u00e1tory KORAD Ko\u0161ice","potentialAction":[{"@type":"SearchAction","target":{"@type":"EntryPoint","urlTemplate":"https:\/\/www.korad-radiators.sk\/?s={search_term_string}"},"query-input":{"@type":"PropertyValueSpecification","valueRequired":true,"valueName":"search_term_string"}}],"inLanguage":"ru-RU"},{"@type":"Organization","@id":"https:\/\/www.korad-radiators.sk\/#organization","name":"KORAD Radiators s.r.o.","alternateName":"Panelov\u00e9 radi\u00e1tory KORAD Ko\u0161ice","url":"https:\/\/www.korad-radiators.sk\/","logo":{"@type":"ImageObject","inLanguage":"ru-RU","@id":"https:\/\/www.korad-radiators.sk\/#\/schema\/logo\/image\/","url":"https:\/\/www.korad-radiators.sk\/wp-content\/uploads\/2020\/05\/logo-korad.jpg","contentUrl":"https:\/\/www.korad-radiators.sk\/wp-content\/uploads\/2020\/05\/logo-korad.jpg","width":479,"height":151,"caption":"KORAD Radiators s.r.o."},"image":{"@id":"https:\/\/www.korad-radiators.sk\/#\/schema\/logo\/image\/"}}]}},"_links":{"self":[{"href":"https:\/\/www.korad-radiators.sk\/ru\/wp-json\/wp\/v2\/pages\/3878","targetHints":{"allow":["GET"]}}],"collection":[{"href":"https:\/\/www.korad-radiators.sk\/ru\/wp-json\/wp\/v2\/pages"}],"about":[{"href":"https:\/\/www.korad-radiators.sk\/ru\/wp-json\/wp\/v2\/types\/page"}],"author":[{"embeddable":true,"href":"https:\/\/www.korad-radiators.sk\/ru\/wp-json\/wp\/v2\/users\/1"}],"replies":[{"embeddable":true,"href":"https:\/\/www.korad-radiators.sk\/ru\/wp-json\/wp\/v2\/comments?post=3878"}],"version-history":[{"count":2,"href":"https:\/\/www.korad-radiators.sk\/ru\/wp-json\/wp\/v2\/pages\/3878\/revisions"}],"predecessor-version":[{"id":5753,"href":"https:\/\/www.korad-radiators.sk\/ru\/wp-json\/wp\/v2\/pages\/3878\/revisions\/5753"}],"wp:attachment":[{"href":"https:\/\/www.korad-radiators.sk\/ru\/wp-json\/wp\/v2\/media?parent=3878"}],"curies":[{"name":"wp","href":"https:\/\/api.w.org\/{rel}","templated":true}]}}