{"id":2774,"date":"2015-02-02T04:30:36","date_gmt":"2015-02-02T04:30:36","guid":{"rendered":"http:\/\/rttheme19-rtthemes-com.rtthemes.com\/?page_id=7"},"modified":"2023-05-03T15:09:23","modified_gmt":"2023-05-03T13:09:23","slug":"produkty","status":"publish","type":"page","link":"https:\/\/www.korad-radiators.sk\/en\/produkty\/","title":{"rendered":"Na\u0161e produkty &#8211; modelov\u00e9 rady"},"content":{"rendered":"<p>[vc_row rt_row_background_width=&#8221;default&#8221; rt_row_style=&#8221;default-style&#8221; rt_row_borders=&#8221;&#8221; rt_row_paddings=&#8221;true&#8221; rt_bg_effect=&#8221;classic&#8221; rt_bg_image_repeat=&#8221;repeat&#8221; rt_bg_size=&#8221;cover&#8221; rt_bg_position=&#8221;right top&#8221; rt_bg_attachment=&#8221;scroll&#8221; rt_bg_video_format=&#8221;self-hosted&#8221;][vc_column rt_wrp_col_paddings=&#8221;false&#8221; rt_border_top=&#8221;&#8221; rt_border_bottom=&#8221;&#8221; rt_border_left=&#8221;&#8221; rt_border_right=&#8221;&#8221; rt_border_top_mobile=&#8221;&#8221; rt_border_bottom_mobile=&#8221;&#8221; rt_border_left_mobile=&#8221;&#8221; rt_border_right_mobile=&#8221;&#8221; rt_bg_image_repeat=&#8221;repeat&#8221; rt_bg_size=&#8221;auto auto&#8221; rt_bg_position=&#8221;right top&#8221; rt_bg_attachment=&#8221;scroll&#8221;]\n<div  class=\"product_holder product-showcase product-showcase-categories clearfix border_grid fixed_heights\" data-column-width=\"4\" >\n<div class=\"row clearfix\">\n<div class=\"col product_item_holder col-sm-3\">\n\n<div class=\"product_item_holder product-showcase-category\">\n\n\t\t\t<!-- product image -->\n\t\t<div class=\"featured_image\"> \n\t\t\t\t<a href=\"https:\/\/www.korad-radiators.sk\/en\/produkty\/1klasik\/\" title=\"Klasik\" rel=\"bookmark\"><img decoding=\"async\" src=\"https:\/\/www.korad-radiators.sk\/wp-content\/uploads\/2020\/08\/Klasik.jpg\" alt=\"\" class=\"\" \/>\t\t\t\t\t\t<\/div> \n\t\n\t\t<div class=\"product_info\">\n\n\t\t\t\t<!-- title-->\n\t\t<h5 class=\"clean_heading\"><a href=\"https:\/\/www.korad-radiators.sk\/en\/produkty\/1klasik\/\" title=\"Klasik\" rel=\"bookmark\">Klasik<span>3<\/span><\/a><\/h5>\n\t\t\n\t\t<!-- text-->\n\t\t<p>Radi\u00e1tory pre v\u0161eobecn\u00e9 pou\u017eitie<\/p>\n\t<\/div>\n\t\n<\/div><\/div>\n<div class=\"col product_item_holder col-sm-3\">\n\n<div class=\"product_item_holder product-showcase-category\">\n\n\t\t\t<!-- product image -->\n\t\t<div class=\"featured_image\"> \n\t\t\t\t<a href=\"https:\/\/www.korad-radiators.sk\/en\/produkty\/2plan\/\" title=\"Plan\" rel=\"bookmark\"><img decoding=\"async\" src=\"https:\/\/www.korad-radiators.sk\/wp-content\/uploads\/2020\/09\/KORAD_PLAN_3-scaled-e1603719734368-640x566.jpg\" alt=\"\" class=\"\" \/>\t\t\t\t\t\t<\/div> \n\t\n\t\t<div class=\"product_info\">\n\n\t\t\t\t<!-- title-->\n\t\t<h5 class=\"clean_heading\"><a href=\"https:\/\/www.korad-radiators.sk\/en\/produkty\/2plan\/\" title=\"Plan\" rel=\"bookmark\">Plan<span>3<\/span><\/a><\/h5>\n\t\t\n\t\t<!-- text-->\n\t\t<p>Modely s hladkou \u010delnou plochou - \u0161t\u00fdlov\u00e9 a n\u00e1padit\u00e9 rie\u0161enie <\/p>\n\t<\/div>\n\t\n<\/div><\/div>\n<div class=\"col product_item_holder col-sm-3\">\n\n<div class=\"product_item_holder product-showcase-category\">\n\n\t\t\t<!-- product image -->\n\t\t<div class=\"featured_image\"> \n\t\t\t\t<a href=\"https:\/\/www.korad-radiators.sk\/en\/produkty\/3hygiene\/\" title=\"Hygiene\" rel=\"bookmark\"><img decoding=\"async\" src=\"https:\/\/www.korad-radiators.sk\/wp-content\/uploads\/2020\/05\/Typ-22-640x503.png\" alt=\"\" class=\"\" \/>\t\t\t\t\t\t<\/div> \n\t\n\t\t<div class=\"product_info\">\n\n\t\t\t\t<!-- title-->\n\t\t<h5 class=\"clean_heading\"><a href=\"https:\/\/www.korad-radiators.sk\/en\/produkty\/3hygiene\/\" title=\"Hygiene\" rel=\"bookmark\">Hygiene<span>3<\/span><\/a><\/h5>\n\t\t\n\t\t<!-- text-->\n\t\t<p>Hygienick\u00e9 radi\u00e1tory.<\/p>\n\t<\/div>\n\t\n<\/div><\/div>\n<div class=\"col product_item_holder col-sm-3\">\n\n<div class=\"product_item_holder product-showcase-category\">\n\n\t\t\t<!-- product image -->\n\t\t<div class=\"featured_image\"> \n\t\t\t\t<a href=\"https:\/\/www.korad-radiators.sk\/en\/produkty\/4pozink\/\" title=\"Pozinkovan\u00e9 radi\u00e1tory\" rel=\"bookmark\"><img decoding=\"async\" src=\"https:\/\/www.korad-radiators.sk\/wp-content\/uploads\/2020\/09\/obr_Z_1-pozink.jpg\" alt=\"\" class=\"\" \/>\t\t\t\t\t\t<\/div> \n\t\n\t\t<div class=\"product_info\">\n\n\t\t\t\t<!-- title-->\n\t\t<h5 class=\"clean_heading\"><a href=\"https:\/\/www.korad-radiators.sk\/en\/produkty\/4pozink\/\" title=\"Pozinkovan\u00e9 radi\u00e1tory\" rel=\"bookmark\">Pozinkovan\u00e9 radi\u00e1tory<span>3<\/span><\/a><\/h5>\n\t\t\n\t\t<!-- text-->\n\t\t<p>Radi\u00e1tory do priestorov so zv\u00fd\u0161enou vlhkos\u0165ou<\/p>\n\t<\/div>\n\t\n<\/div><\/div>\n<\/div>\n<div class=\"row clearfix\">\n<div class=\"col product_item_holder col-sm-3\">\n\n<div class=\"product_item_holder product-showcase-category\">\n\n\t\t\t<!-- product image -->\n\t\t<div class=\"featured_image\"> \n\t\t\t\t<a href=\"https:\/\/www.korad-radiators.sk\/en\/produkty\/5farebne-odtiene\/\" title=\"Farebn\u00e9 radi\u00e1tory\" rel=\"bookmark\"><img decoding=\"async\" src=\"https:\/\/www.korad-radiators.sk\/wp-content\/uploads\/2021\/09\/Farebny2-640x366.jpg\" alt=\"\" class=\"\" \/>\t\t\t\t\t\t<\/div> \n\t\n\t\t<div class=\"product_info\">\n\n\t\t\t\t<!-- title-->\n\t\t<h5 class=\"clean_heading\"><a href=\"https:\/\/www.korad-radiators.sk\/en\/produkty\/5farebne-odtiene\/\" title=\"Farebn\u00e9 radi\u00e1tory\" rel=\"bookmark\">Farebn\u00e9 radi\u00e1tory<span>1<\/span><\/a><\/h5>\n\t\t\n\t\t<!-- text-->\n\t\t<p>67 r\u00f4znych farebn\u00fdch odtie\u0148ov<\/p>\n\t<\/div>\n\t\n<\/div><\/div>\n<div class=\"col product_item_holder col-sm-3\">\n\n<div class=\"product_item_holder product-showcase-category\">\n\n\t\t\t<!-- product image -->\n\t\t<div class=\"featured_image\"> \n\t\t\t\t<a href=\"https:\/\/www.korad-radiators.sk\/en\/produkty\/6accessories\/\" title=\"Pr\u00edslu\u0161enstvo\" rel=\"bookmark\"><img decoding=\"async\" src=\"https:\/\/www.korad-radiators.sk\/wp-content\/uploads\/2020\/10\/Prvky-pre-uchytenie-radi\u00e1torov-e1603874088168-640x299.png\" alt=\"\" class=\"\" \/>\t\t\t\t\t\t<\/div> \n\t\n\t\t<div class=\"product_info\">\n\n\t\t\t\t<!-- title-->\n\t\t<h5 class=\"clean_heading\"><a href=\"https:\/\/www.korad-radiators.sk\/en\/produkty\/6accessories\/\" title=\"Pr\u00edslu\u0161enstvo\" rel=\"bookmark\">Pr\u00edslu\u0161enstvo<span>3<\/span><\/a><\/h5>\n\t\t\n\t\t<!-- text-->\n\t\t<p>Konzoly, odvzdu\u0161\u0148ovacie z\u00e1tky, n\u00e1hradn\u00e9 diely ...<\/p>\n\t<\/div>\n\t\n<\/div><\/div>\n<\/div>\n<\/div>[\/vc_column][\/vc_row]<\/p>\n","protected":false},"excerpt":{"rendered":"<p>[vc_row rt_row_background_width=&#8221;default&#8221; rt_row_style=&#8221;default-style&#8221; rt_row_borders=&#8221;&#8221; rt_row_paddings=&#8221;true&#8221; rt_bg_effect=&#8221;classic&#8221; rt_bg_image_repeat=&#8221;repeat&#8221; rt_bg_size=&#8221;cover&#8221; rt_bg_position=&#8221;right top&#8221; rt_bg_attachment=&#8221;scroll&#8221; rt_bg_video_format=&#8221;self-hosted&#8221;][vc_column rt_wrp_col_paddings=&#8221;false&#8221; rt_border_top=&#8221;&#8221; rt_border_bottom=&#8221;&#8221; rt_border_left=&#8221;&#8221; rt_border_right=&#8221;&#8221; rt_border_top_mobile=&#8221;&#8221; rt_border_bottom_mobile=&#8221;&#8221; rt_border_left_mobile=&#8221;&#8221; rt_border_right_mobile=&#8221;&#8221; rt_bg_image_repeat=&#8221;repeat&#8221; rt_bg_size=&#8221;auto auto&#8221; rt_bg_position=&#8221;right top&#8221; rt_bg_attachment=&#8221;scroll&#8221;][\/vc_column][\/vc_row]<\/p>\n","protected":false},"author":1,"featured_media":0,"parent":0,"menu_order":0,"comment_status":"open","ping_status":"open","template":"","meta":{"_acf_changed":false,"_monsterinsights_skip_tracking":false,"_monsterinsights_sitenote_active":false,"_monsterinsights_sitenote_note":"","_monsterinsights_sitenote_category":0,"footnotes":""},"class_list":["post-2774","page","type-page","status-publish","hentry"],"translation":{"provider":"WPGlobus","version":"3.0.2","language":"en","enabled_languages":["sk","en","ru"],"languages":{"sk":{"title":true,"content":true,"excerpt":false},"en":{"title":false,"content":false,"excerpt":false},"ru":{"title":false,"content":false,"excerpt":false}}},"acf":[],"yoast_head":"<!-- This site is optimized with the Yoast SEO plugin v27.4 - https:\/\/yoast.com\/product\/yoast-seo-wordpress\/ -->\n<title>Na\u0161e produkty - modelov\u00e9 rady - Radi\u00e1tory KORAD<\/title>\n<meta name=\"robots\" content=\"index, follow, max-snippet:-1, max-image-preview:large, max-video-preview:-1\" \/>\n<link rel=\"canonical\" href=\"https:\/\/www.korad-radiators.sk\/produkty\/\" \/>\n<meta property=\"og:locale\" content=\"en_US\" \/>\n<meta property=\"og:type\" content=\"article\" \/>\n<meta property=\"og:title\" content=\"Na\u0161e produkty - modelov\u00e9 rady - Radi\u00e1tory KORAD\" \/>\n<meta property=\"og:url\" content=\"https:\/\/www.korad-radiators.sk\/produkty\/\" \/>\n<meta property=\"og:site_name\" content=\"Radi\u00e1tory KORAD\" \/>\n<meta property=\"article:modified_time\" content=\"2023-05-03T13:09:23+00:00\" \/>\n<meta name=\"twitter:card\" content=\"summary_large_image\" \/>\n<meta name=\"twitter:label1\" content=\"Est. reading time\" \/>\n\t<meta name=\"twitter:data1\" content=\"1 minute\" \/>\n<script type=\"application\/ld+json\" class=\"yoast-schema-graph\">{\"@context\":\"https:\\\/\\\/schema.org\",\"@graph\":[{\"@type\":\"WebPage\",\"@id\":\"https:\\\/\\\/www.korad-radiators.sk\\\/produkty\\\/\",\"url\":\"https:\\\/\\\/www.korad-radiators.sk\\\/produkty\\\/\",\"name\":\"Na\u0161e produkty - modelov\u00e9 rady - Radi\u00e1tory KORAD\",\"isPartOf\":{\"@id\":\"https:\\\/\\\/www.korad-radiators.sk\\\/#website\"},\"datePublished\":\"2015-02-02T04:30:36+00:00\",\"dateModified\":\"2023-05-03T13:09:23+00:00\",\"breadcrumb\":{\"@id\":\"https:\\\/\\\/www.korad-radiators.sk\\\/produkty\\\/#breadcrumb\"},\"inLanguage\":\"en-US\",\"potentialAction\":[{\"@type\":\"ReadAction\",\"target\":[\"https:\\\/\\\/www.korad-radiators.sk\\\/produkty\\\/\"]}]},{\"@type\":\"BreadcrumbList\",\"@id\":\"https:\\\/\\\/www.korad-radiators.sk\\\/produkty\\\/#breadcrumb\",\"itemListElement\":[{\"@type\":\"ListItem\",\"position\":1,\"name\":\"Domovsk\u00e1 str\u00e1nka\",\"item\":\"https:\\\/\\\/www.korad-radiators.sk\\\/\"},{\"@type\":\"ListItem\",\"position\":2,\"name\":\"Na\u0161e produkty &#8211; modelov\u00e9 rady\"}]},{\"@type\":\"WebSite\",\"@id\":\"https:\\\/\\\/www.korad-radiators.sk\\\/#website\",\"url\":\"https:\\\/\\\/www.korad-radiators.sk\\\/\",\"name\":\"Radi\u00e1tory KORAD\",\"description\":\"panelov\u00e9 radi\u00e1tory\",\"publisher\":{\"@id\":\"https:\\\/\\\/www.korad-radiators.sk\\\/#organization\"},\"alternateName\":\"Panelov\u00e9 radi\u00e1tory KORAD Ko\u0161ice\",\"potentialAction\":[{\"@type\":\"SearchAction\",\"target\":{\"@type\":\"EntryPoint\",\"urlTemplate\":\"https:\\\/\\\/www.korad-radiators.sk\\\/?s={search_term_string}\"},\"query-input\":{\"@type\":\"PropertyValueSpecification\",\"valueRequired\":true,\"valueName\":\"search_term_string\"}}],\"inLanguage\":\"en-US\"},{\"@type\":\"Organization\",\"@id\":\"https:\\\/\\\/www.korad-radiators.sk\\\/#organization\",\"name\":\"KORAD Radiators s.r.o.\",\"alternateName\":\"Panelov\u00e9 radi\u00e1tory KORAD Ko\u0161ice\",\"url\":\"https:\\\/\\\/www.korad-radiators.sk\\\/\",\"logo\":{\"@type\":\"ImageObject\",\"inLanguage\":\"en-US\",\"@id\":\"https:\\\/\\\/www.korad-radiators.sk\\\/#\\\/schema\\\/logo\\\/image\\\/\",\"url\":\"https:\\\/\\\/www.korad-radiators.sk\\\/wp-content\\\/uploads\\\/2020\\\/05\\\/logo-korad.jpg\",\"contentUrl\":\"https:\\\/\\\/www.korad-radiators.sk\\\/wp-content\\\/uploads\\\/2020\\\/05\\\/logo-korad.jpg\",\"width\":479,\"height\":151,\"caption\":\"KORAD Radiators s.r.o.\"},\"image\":{\"@id\":\"https:\\\/\\\/www.korad-radiators.sk\\\/#\\\/schema\\\/logo\\\/image\\\/\"}}]}<\/script>\n<!-- \/ Yoast SEO plugin. -->","yoast_head_json":{"title":"Na\u0161e produkty - modelov\u00e9 rady - Radi\u00e1tory KORAD","robots":{"index":"index","follow":"follow","max-snippet":"max-snippet:-1","max-image-preview":"max-image-preview:large","max-video-preview":"max-video-preview:-1"},"canonical":"https:\/\/www.korad-radiators.sk\/produkty\/","og_locale":"en_US","og_type":"article","og_title":"Na\u0161e produkty - modelov\u00e9 rady - Radi\u00e1tory KORAD","og_url":"https:\/\/www.korad-radiators.sk\/produkty\/","og_site_name":"Radi\u00e1tory KORAD","article_modified_time":"2023-05-03T13:09:23+00:00","twitter_card":"summary_large_image","twitter_misc":{"Est. reading time":"1 minute"},"schema":{"@context":"https:\/\/schema.org","@graph":[{"@type":"WebPage","@id":"https:\/\/www.korad-radiators.sk\/produkty\/","url":"https:\/\/www.korad-radiators.sk\/produkty\/","name":"Na\u0161e produkty - modelov\u00e9 rady - Radi\u00e1tory KORAD","isPartOf":{"@id":"https:\/\/www.korad-radiators.sk\/#website"},"datePublished":"2015-02-02T04:30:36+00:00","dateModified":"2023-05-03T13:09:23+00:00","breadcrumb":{"@id":"https:\/\/www.korad-radiators.sk\/produkty\/#breadcrumb"},"inLanguage":"en-US","potentialAction":[{"@type":"ReadAction","target":["https:\/\/www.korad-radiators.sk\/produkty\/"]}]},{"@type":"BreadcrumbList","@id":"https:\/\/www.korad-radiators.sk\/produkty\/#breadcrumb","itemListElement":[{"@type":"ListItem","position":1,"name":"Domovsk\u00e1 str\u00e1nka","item":"https:\/\/www.korad-radiators.sk\/"},{"@type":"ListItem","position":2,"name":"Na\u0161e produkty &#8211; modelov\u00e9 rady"}]},{"@type":"WebSite","@id":"https:\/\/www.korad-radiators.sk\/#website","url":"https:\/\/www.korad-radiators.sk\/","name":"Radi\u00e1tory KORAD","description":"panelov\u00e9 radi\u00e1tory","publisher":{"@id":"https:\/\/www.korad-radiators.sk\/#organization"},"alternateName":"Panelov\u00e9 radi\u00e1tory KORAD Ko\u0161ice","potentialAction":[{"@type":"SearchAction","target":{"@type":"EntryPoint","urlTemplate":"https:\/\/www.korad-radiators.sk\/?s={search_term_string}"},"query-input":{"@type":"PropertyValueSpecification","valueRequired":true,"valueName":"search_term_string"}}],"inLanguage":"en-US"},{"@type":"Organization","@id":"https:\/\/www.korad-radiators.sk\/#organization","name":"KORAD Radiators s.r.o.","alternateName":"Panelov\u00e9 radi\u00e1tory KORAD Ko\u0161ice","url":"https:\/\/www.korad-radiators.sk\/","logo":{"@type":"ImageObject","inLanguage":"en-US","@id":"https:\/\/www.korad-radiators.sk\/#\/schema\/logo\/image\/","url":"https:\/\/www.korad-radiators.sk\/wp-content\/uploads\/2020\/05\/logo-korad.jpg","contentUrl":"https:\/\/www.korad-radiators.sk\/wp-content\/uploads\/2020\/05\/logo-korad.jpg","width":479,"height":151,"caption":"KORAD Radiators s.r.o."},"image":{"@id":"https:\/\/www.korad-radiators.sk\/#\/schema\/logo\/image\/"}}]}},"_links":{"self":[{"href":"https:\/\/www.korad-radiators.sk\/en\/wp-json\/wp\/v2\/pages\/2774","targetHints":{"allow":["GET"]}}],"collection":[{"href":"https:\/\/www.korad-radiators.sk\/en\/wp-json\/wp\/v2\/pages"}],"about":[{"href":"https:\/\/www.korad-radiators.sk\/en\/wp-json\/wp\/v2\/types\/page"}],"author":[{"embeddable":true,"href":"https:\/\/www.korad-radiators.sk\/en\/wp-json\/wp\/v2\/users\/1"}],"replies":[{"embeddable":true,"href":"https:\/\/www.korad-radiators.sk\/en\/wp-json\/wp\/v2\/comments?post=2774"}],"version-history":[{"count":2,"href":"https:\/\/www.korad-radiators.sk\/en\/wp-json\/wp\/v2\/pages\/2774\/revisions"}],"predecessor-version":[{"id":6102,"href":"https:\/\/www.korad-radiators.sk\/en\/wp-json\/wp\/v2\/pages\/2774\/revisions\/6102"}],"wp:attachment":[{"href":"https:\/\/www.korad-radiators.sk\/en\/wp-json\/wp\/v2\/media?parent=2774"}],"curies":[{"name":"wp","href":"https:\/\/api.w.org\/{rel}","templated":true}]}}