{"id":2723,"date":"2016-09-17T22:21:37","date_gmt":"2016-09-17T22:21:37","guid":{"rendered":"http:\/\/rt19-demo7.rtthemes.com\/?page_id=2723"},"modified":"2020-10-01T17:43:29","modified_gmt":"2020-10-01T15:43:29","slug":"novinky","status":"publish","type":"page","link":"https:\/\/www.korad-radiators.sk\/en\/novinky\/","title":{"rendered":"Novinky"},"content":{"rendered":"<p>[vc_row rt_row_background_width=&#8221;fullwidth&#8221; rt_row_content_width=&#8221;default&#8221; rt_row_style=&#8221;default-style&#8221; rt_row_borders=&#8221;&#8221; rt_grid=&#8221;true&#8221; rt_row_paddings=&#8221;true&#8221; rt_bg_effect=&#8221;classic&#8221; rt_bg_image_repeat=&#8221;repeat&#8221; rt_bg_size=&#8221;cover&#8221; rt_bg_position=&#8221;right top&#8221; rt_bg_attachment=&#8221;scroll&#8221; rt_bg_video_format=&#8221;self-hosted&#8221; rt_padding_left=&#8221;0&#8243; rt_padding_right=&#8221;0&#8243; rt_padding_top=&#8221;0&#8243;][vc_column rt_wrp_col_paddings=&#8221;false&#8221; rt_border_top=&#8221;&#8221; rt_border_bottom=&#8221;&#8221; rt_border_left=&#8221;&#8221; rt_border_right=&#8221;&#8221; rt_border_top_mobile=&#8221;&#8221; rt_border_bottom_mobile=&#8221;&#8221; rt_border_left_mobile=&#8221;&#8221; rt_border_right_mobile=&#8221;&#8221; rt_bg_image_repeat=&#8221;repeat&#8221; rt_bg_size=&#8221;auto auto&#8221; rt_bg_position=&#8221;right top&#8221; rt_bg_attachment=&#8221;scroll&#8221; rt_padding_right=&#8221;25&#8243;]\n<div id=\"blog-dynamicID-746426\" class=\"blog_list clearfix \" data-column-width=\"1\">\n \n\n<!-- blog box-->\n<article class=\"loop post-3161 post type-post status-publish format-standard has-post-thumbnail hentry category-na-stiahnutie\" id=\"post-3161\">\n\t\t\n\t\n\t\n\t<figure class=\"featured_image featured_media\">\n\n\t\t\n\t\t\t\t<a id=\"lightbox-944815\" class=\"imgeffect zoom lightbox_ featured_image\" data-group=\"image_2850\" title=\"Enlarge Image\" data-title=\"Softv\u00e9r\" data-sub-html=\"#lightbox-944815-description\" data-thumbnail=\"https:\/\/www.korad-radiators.sk\/wp-content\/uploads\/2020\/05\/IMG_0588-Retouched-scaled-75x50.jpg\" data-thumbTooltip=\"\" data-scaleUp=\"\" data-href=\"\" data-width=\"\" data-height=\"\" data-flashHasPriority=\"\" data-poster=\"\" data-autoplay=\"\" data-audiotitle=\"\" data-html=\"\" href=\"https:\/\/www.korad-radiators.sk\/wp-content\/uploads\/2020\/05\/IMG_0588-Retouched-scaled.jpg\" ><img decoding=\"async\" src=\"https:\/\/www.korad-radiators.sk\/wp-content\/uploads\/2020\/05\/IMG_0588-Retouched-scaled-980x350.jpg\" alt=\"\" class=\"\" \/><\/a>\r\n\t\t\t<div class=\"lighbox-description hidden\" id=\"lightbox-944815-description\">\r\n\t\t\t\t<strong>Softv\u00e9r<\/strong><br>\r\n\t\t\t\t\r\n\t\t\t<\/div>\t\t\t\t<span class=\"format-icon icon-pencil\"><\/span>\n\n\t\t\t\n\t<\/figure> \n\t\n\n\t<div class=\"date\"><a href=\"https:\/\/www.korad-radiators.sk\/en\/softver\/\">1. October 2020<\/a><\/div> \n\t<div class=\"text entry-content\">\n\n\t\t<!-- blog headline-->\n\t\t<h2 class=\"entry-title\"><a href=\"https:\/\/www.korad-radiators.sk\/en\/softver\/\" rel=\"bookmark\">Softv\u00e9r<\/a><\/h2> \n\t\t\t\n\n\t\t<p>D\u0148a 4.5.2023 bola vydan\u00e1 firemn\u00e1 verzia v\u00fdpo\u010dtov\u00e9ho programu TechCON ver. 10.01 Herz-KORAD. T\u00e1to verzia programu vznikla v spolupr\u00e1ci firiem Herz a KORAD. Je ur\u010den\u00e1 pre opera\u010dn\u00e9 syst\u00e9my Windows 7, Windows 8, Windows 10 a Windows 11. Program je tvoren\u00fd z troch navz\u00e1jom prepojen\u00fdch modulov: Tepeln\u00e9 straty, Podlahov\u00e9 vykurovanie (chladenie), N\u00e1vrh \u010derpadlov\u00fdch skup\u00edn a anuloidov, Dimenzovanie [&hellip;]<\/p>\n\n\t\t\t\t<!-- meta data -->\r\n\t\t<div class=\"post_data\">\r\n\r\n\t\t\t\t\t\t<!-- user -->\r\n\t\t\t<span class=\"icon-user user margin-right20\"><a href=\"https:\/\/www.korad-radiators.sk\/en\/author\/majitel\/\" title=\"Posts by autor\" rel=\"author\">autor<\/a><\/span>\r\n\t\t\t\r\n\t\t\t\t\t\t<!-- categories -->\r\n\t\t\t<span class=\"icon-flow-cascade categories\"><a href=\"https:\/\/www.korad-radiators.sk\/en\/category\/na-stiahnutie\/\" rel=\"category tag\">Na stiahnutie<\/a><\/span>\r\n\t\t\t\r\n\t\t\t\r\n\t\t\t\r\n\t\t<\/div><!-- \/ end div  .post_data -->\r\n\t\n\t<\/div> \n\n<\/article> \n<!-- \/ blog box-->\n \n\n<!-- blog box-->\n<article class=\"loop post-3141 post type-post status-publish format-standard has-post-thumbnail hentry category-na-stiahnutie\" id=\"post-3141\">\n\t\t\n\t\n\t\n\t<figure class=\"featured_image featured_media\">\n\n\t\t\n\t\t\t\t<a id=\"lightbox-730671\" class=\"imgeffect zoom lightbox_ featured_image\" data-group=\"image_2852\" title=\"Enlarge Image\" data-title=\"Dokument\u00e1cia\" data-sub-html=\"#lightbox-730671-description\" data-thumbnail=\"https:\/\/www.korad-radiators.sk\/wp-content\/uploads\/2020\/05\/IMG_0618-Retouched-scaled-75x50.jpg\" data-thumbTooltip=\"\" data-scaleUp=\"\" data-href=\"\" data-width=\"\" data-height=\"\" data-flashHasPriority=\"\" data-poster=\"\" data-autoplay=\"\" data-audiotitle=\"\" data-html=\"\" href=\"https:\/\/www.korad-radiators.sk\/wp-content\/uploads\/2020\/05\/IMG_0618-Retouched-scaled.jpg\" ><img decoding=\"async\" src=\"https:\/\/www.korad-radiators.sk\/wp-content\/uploads\/2020\/05\/IMG_0618-Retouched-scaled-980x350.jpg\" alt=\"\" class=\"\" \/><\/a>\r\n\t\t\t<div class=\"lighbox-description hidden\" id=\"lightbox-730671-description\">\r\n\t\t\t\t<strong>Dokument\u00e1cia<\/strong><br>\r\n\t\t\t\t\r\n\t\t\t<\/div>\t\t\t\t<span class=\"format-icon icon-pencil\"><\/span>\n\n\t\t\t\n\t<\/figure> \n\t\n\n\t<div class=\"date\"><a href=\"https:\/\/www.korad-radiators.sk\/en\/dokumentacia\/\">1. October 2020<\/a><\/div> \n\t<div class=\"text entry-content\">\n\n\t\t<!-- blog headline-->\n\t\t<h2 class=\"entry-title\"><a href=\"https:\/\/www.korad-radiators.sk\/en\/dokumentacia\/\" rel=\"bookmark\">Dokument\u00e1cia<\/a><\/h2> \n\t\t\t\n\n\t\t<p>[vc_row rt_row_background_width=&#8221;default&#8221; rt_row_style=&#8221;default-style&#8221; rt_row_borders=&#8221;&#8221; rt_row_paddings=&#8221;true&#8221; rt_bg_effect=&#8221;classic&#8221; rt_bg_image_repeat=&#8221;repeat&#8221; rt_bg_size=&#8221;cover&#8221; rt_bg_position=&#8221;right top&#8221; rt_bg_attachment=&#8221;scroll&#8221; rt_bg_video_format=&#8221;self-hosted&#8221;][vc_column rt_wrp_col_paddings=&#8221;false&#8221; rt_border_top=&#8221;&#8221; rt_border_bottom=&#8221;&#8221; rt_border_left=&#8221;&#8221; rt_border_right=&#8221;&#8221; rt_border_top_mobile=&#8221;&#8221; rt_border_bottom_mobile=&#8221;&#8221; rt_border_left_mobile=&#8221;&#8221; rt_border_right_mobile=&#8221;&#8221; rt_bg_image_repeat=&#8221;repeat&#8221; rt_bg_size=&#8221;auto auto&#8221; rt_bg_position=&#8221;right top&#8221; rt_bg_attachment=&#8221;scroll&#8221;][vc_column_text css=&#8221;&#8221;] Dokument\u00e1cia na stiahnutie: KORAD_katalog_12-2020_SK Stiahnu\u0165 Parametre radi\u00e1torov KORAD Stiahnu\u0165 N\u00e1vod na pou\u017eitie 2020_sk Stiahnu\u0165 Cenn\u00edk SR 11_2023 Stiahnu\u0165 Z\u00e1mena \u010dl\u00e1nkov\u00fdch radi\u00e1torov Stiahnu\u0165 Vyhl\u00e1senie o parametroch SK Stiahnu\u0165 [&hellip;]<\/p>\n\n\t\t\t\t<!-- meta data -->\r\n\t\t<div class=\"post_data\">\r\n\r\n\t\t\t\t\t\t<!-- user -->\r\n\t\t\t<span class=\"icon-user user margin-right20\"><a href=\"https:\/\/www.korad-radiators.sk\/en\/author\/majitel\/\" title=\"Posts by autor\" rel=\"author\">autor<\/a><\/span>\r\n\t\t\t\r\n\t\t\t\t\t\t<!-- categories -->\r\n\t\t\t<span class=\"icon-flow-cascade categories\"><a href=\"https:\/\/www.korad-radiators.sk\/en\/category\/na-stiahnutie\/\" rel=\"category tag\">Na stiahnutie<\/a><\/span>\r\n\t\t\t\r\n\t\t\t\r\n\t\t\t\r\n\t\t<\/div><!-- \/ end div  .post_data -->\r\n\t\n\t<\/div> \n\n<\/article> \n<!-- \/ blog box-->\n \n\n<!-- blog box-->\n<article class=\"loop post-3075 post type-post status-publish format-standard has-post-thumbnail hentry category-o-spolocnosti\" id=\"post-3075\">\n\t\t\n\t\n\t\n\t<figure class=\"featured_image featured_media\">\n\n\t\t\n\t\t\t\t<a id=\"lightbox-407510\" class=\"imgeffect zoom lightbox_ featured_image\" data-group=\"image_2849\" title=\"Enlarge Image\" data-title=\"FAQ &#8211; \u010casto kladen\u00e9 ot\u00e1zky\" data-sub-html=\"#lightbox-407510-description\" data-thumbnail=\"https:\/\/www.korad-radiators.sk\/wp-content\/uploads\/2020\/05\/A4-radiatiator-Korad-scaled-75x50.jpg\" data-thumbTooltip=\"\" data-scaleUp=\"\" data-href=\"\" data-width=\"\" data-height=\"\" data-flashHasPriority=\"\" data-poster=\"\" data-autoplay=\"\" data-audiotitle=\"\" data-html=\"\" href=\"https:\/\/www.korad-radiators.sk\/wp-content\/uploads\/2020\/05\/A4-radiatiator-Korad-scaled.jpg\" ><img decoding=\"async\" src=\"https:\/\/www.korad-radiators.sk\/wp-content\/uploads\/2020\/05\/A4-radiatiator-Korad-scaled-980x350.jpg\" alt=\"\" class=\"\" \/><\/a>\r\n\t\t\t<div class=\"lighbox-description hidden\" id=\"lightbox-407510-description\">\r\n\t\t\t\t<strong>FAQ &#8211; \u010casto kladen\u00e9 ot\u00e1zky<\/strong><br>\r\n\t\t\t\t\r\n\t\t\t<\/div>\t\t\t\t<span class=\"format-icon icon-pencil\"><\/span>\n\n\t\t\t\n\t<\/figure> \n\t\n\n\t<div class=\"date\"><a href=\"https:\/\/www.korad-radiators.sk\/en\/faq\/\">10. September 2020<\/a><\/div> \n\t<div class=\"text entry-content\">\n\n\t\t<!-- blog headline-->\n\t\t<h2 class=\"entry-title\"><a href=\"https:\/\/www.korad-radiators.sk\/en\/faq\/\" rel=\"bookmark\">FAQ &#8211; \u010casto kladen\u00e9 ot\u00e1zky<\/a><\/h2> \n\t\t\t\n\n\t\t<p>1. Maj\u00fa radi\u00e1tory vn\u00fatorn\u00fa ochranu vo\u010di kor\u00f3zii a ak\u00e1 je ich \u017eivotnos\u0165? Panelov\u00e9 radi\u00e1tory maj\u00fa kvalitn\u00fa vonkaj\u0161iu povrchov\u00fa ochranu, \u017eiadne z nich v\u0161ak nemaj\u00fa \u0161peci\u00e1lne chr\u00e1nen\u00fd vn\u00fatorn\u00fd povrch. Ochrana vn\u00fatorn\u00e9ho povrchu je zabezpe\u010den\u00e1 vodou vo vykurovacom okruhu. Kysl\u00edk obsiahnut\u00fd vo vode zreaguje s oce\u013eov\u00fdm povrchom za vzniku ur\u010dit\u00e9ho mno\u017estva kor\u00f3zie. Po ukon\u010den\u00ed kor\u00f3znych reakci\u00ed je [&hellip;]<\/p>\n\n\t\t\t\t<!-- meta data -->\r\n\t\t<div class=\"post_data\">\r\n\r\n\t\t\t\t\t\t<!-- user -->\r\n\t\t\t<span class=\"icon-user user margin-right20\"><a href=\"https:\/\/www.korad-radiators.sk\/en\/author\/majitel\/\" title=\"Posts by autor\" rel=\"author\">autor<\/a><\/span>\r\n\t\t\t\r\n\t\t\t\t\t\t<!-- categories -->\r\n\t\t\t<span class=\"icon-flow-cascade categories\"><a href=\"https:\/\/www.korad-radiators.sk\/en\/category\/o-spolocnosti\/\" rel=\"category tag\">O spolo\u010dnosti<\/a><\/span>\r\n\t\t\t\r\n\t\t\t\r\n\t\t\t\r\n\t\t<\/div><!-- \/ end div  .post_data -->\r\n\t\n\t<\/div> \n\n<\/article> \n<!-- \/ blog box-->\n \n\n<!-- blog box-->\n<article class=\"loop post-2505 post type-post status-publish format-standard has-post-thumbnail hentry category-o-spolocnosti\" id=\"post-2505\">\n\t\t\n\t\n\t\n\t<figure class=\"featured_image featured_media\">\n\n\t\t\n\t\t\t\t<a id=\"lightbox-159989\" class=\"imgeffect zoom lightbox_ featured_image\" data-group=\"image_5934\" title=\"Enlarge Image\" data-title=\"Hist\u00f3ria\" data-sub-html=\"#lightbox-159989-description\" data-thumbnail=\"https:\/\/www.korad-radiators.sk\/wp-content\/uploads\/2023\/01\/006-75x50.jpg\" data-thumbTooltip=\"\" data-scaleUp=\"\" data-href=\"\" data-width=\"\" data-height=\"\" data-flashHasPriority=\"\" data-poster=\"\" data-autoplay=\"\" data-audiotitle=\"\" data-html=\"\" href=\"https:\/\/www.korad-radiators.sk\/wp-content\/uploads\/2023\/01\/006.jpg\" ><img decoding=\"async\" src=\"https:\/\/www.korad-radiators.sk\/wp-content\/uploads\/2023\/01\/006-980x350.jpg\" alt=\"\" class=\"\" \/><\/a>\r\n\t\t\t<div class=\"lighbox-description hidden\" id=\"lightbox-159989-description\">\r\n\t\t\t\t<strong>Hist\u00f3ria<\/strong><br>\r\n\t\t\t\t\r\n\t\t\t<\/div>\t\t\t\t<span class=\"format-icon icon-pencil\"><\/span>\n\n\t\t\t\n\t<\/figure> \n\t\n\n\t<div class=\"date\"><a href=\"https:\/\/www.korad-radiators.sk\/en\/historia\/\">19. February 2015<\/a><\/div> \n\t<div class=\"text entry-content\">\n\n\t\t<!-- blog headline-->\n\t\t<h2 class=\"entry-title\"><a href=\"https:\/\/www.korad-radiators.sk\/en\/historia\/\" rel=\"bookmark\">Hist\u00f3ria<\/a><\/h2> \n\t\t\t\n\n\t\t<p>[vc_row rt_row_background_width=&#8221;default&#8221; rt_row_style=&#8221;default-style&#8221; rt_row_borders=&#8221;&#8221; rt_row_paddings=&#8221;true&#8221; rt_bg_effect=&#8221;classic&#8221; rt_bg_image_repeat=&#8221;repeat&#8221; rt_bg_size=&#8221;cover&#8221; rt_bg_position=&#8221;right top&#8221; rt_bg_attachment=&#8221;scroll&#8221; rt_bg_video_format=&#8221;self-hosted&#8221;][vc_column width=&#8221;2\/3&#8243; rt_wrp_col_paddings=&#8221;false&#8221; rt_border_top=&#8221;&#8221; rt_border_bottom=&#8221;&#8221; rt_border_left=&#8221;&#8221; rt_border_right=&#8221;&#8221; rt_border_top_mobile=&#8221;&#8221; rt_border_bottom_mobile=&#8221;&#8221; rt_border_left_mobile=&#8221;&#8221; rt_border_right_mobile=&#8221;&#8221; rt_bg_image_repeat=&#8221;repeat&#8221; rt_bg_size=&#8221;auto auto&#8221; rt_bg_position=&#8221;right top&#8221; rt_bg_attachment=&#8221;scroll&#8221;][vc_column_text] V\u00fdroba panelov\u00fdch radi\u00e1torov v Ko\u0161iciach m\u00e1 dlhoro\u010dn\u00fa trad\u00edciu. Po\u010diatky v\u00fdroby radi\u00e1torov siahaj\u00fa do roku 1968. Prv\u00e9 zv\u00e1racie linky boli dodan\u00e9 ZEZ Ho\u0159ice (\u010cR) a skladali sa zo [&hellip;]<\/p>\n\n\t\t\t\t<!-- meta data -->\r\n\t\t<div class=\"post_data\">\r\n\r\n\t\t\t\t\t\t<!-- user -->\r\n\t\t\t<span class=\"icon-user user margin-right20\"><a href=\"https:\/\/www.korad-radiators.sk\/en\/author\/majitel\/\" title=\"Posts by autor\" rel=\"author\">autor<\/a><\/span>\r\n\t\t\t\r\n\t\t\t\t\t\t<!-- categories -->\r\n\t\t\t<span class=\"icon-flow-cascade categories\"><a href=\"https:\/\/www.korad-radiators.sk\/en\/category\/o-spolocnosti\/\" rel=\"category tag\">O spolo\u010dnosti<\/a><\/span>\r\n\t\t\t\r\n\t\t\t\r\n\t\t\t\t\t\t<!-- comments -->\r\n\t\t\t<span class=\"icon-chat-empty comment_link\"><a href=\"https:\/\/www.korad-radiators.sk\/en\/historia\/#respond\" title=\"0 Comment\" class=\"comment_link\">0 Comment<\/a><\/span>\r\n\t\t\t\r\n\t\t<\/div><!-- \/ end div  .post_data -->\r\n\t\n\t<\/div> \n\n<\/article> \n<!-- \/ blog box-->\n<\/div>\n[\/vc_column][\/vc_row]<\/p>\n","protected":false},"excerpt":{"rendered":"<p>[vc_row rt_row_background_width=&#8221;fullwidth&#8221; rt_row_content_width=&#8221;default&#8221; rt_row_style=&#8221;default-style&#8221; rt_row_borders=&#8221;&#8221; rt_grid=&#8221;true&#8221; rt_row_paddings=&#8221;true&#8221; rt_bg_effect=&#8221;classic&#8221; rt_bg_image_repeat=&#8221;repeat&#8221; rt_bg_size=&#8221;cover&#8221; rt_bg_position=&#8221;right top&#8221; rt_bg_attachment=&#8221;scroll&#8221; rt_bg_video_format=&#8221;self-hosted&#8221; rt_padding_left=&#8221;0&#8243; rt_padding_right=&#8221;0&#8243; rt_padding_top=&#8221;0&#8243;][vc_column rt_wrp_col_paddings=&#8221;false&#8221; rt_border_top=&#8221;&#8221; rt_border_bottom=&#8221;&#8221; rt_border_left=&#8221;&#8221; rt_border_right=&#8221;&#8221; rt_border_top_mobile=&#8221;&#8221; rt_border_bottom_mobile=&#8221;&#8221; rt_border_left_mobile=&#8221;&#8221; rt_border_right_mobile=&#8221;&#8221; rt_bg_image_repeat=&#8221;repeat&#8221; rt_bg_size=&#8221;auto auto&#8221; rt_bg_position=&#8221;right top&#8221; rt_bg_attachment=&#8221;scroll&#8221; rt_padding_right=&#8221;25&#8243;][\/vc_column][\/vc_row]<\/p>\n","protected":false},"author":1,"featured_media":0,"parent":0,"menu_order":0,"comment_status":"closed","ping_status":"closed","template":"","meta":{"_acf_changed":false,"_monsterinsights_skip_tracking":false,"_monsterinsights_sitenote_active":false,"_monsterinsights_sitenote_note":"","_monsterinsights_sitenote_category":0,"footnotes":""},"class_list":["post-2723","page","type-page","status-publish","hentry"],"translation":{"provider":"WPGlobus","version":"3.0.2","language":"en","enabled_languages":["sk","en","ru"],"languages":{"sk":{"title":true,"content":true,"excerpt":false},"en":{"title":false,"content":false,"excerpt":false},"ru":{"title":false,"content":false,"excerpt":false}}},"acf":[],"yoast_head":"<!-- This site is optimized with the Yoast SEO plugin v27.5 - https:\/\/yoast.com\/product\/yoast-seo-wordpress\/ -->\n<title>Novinky - Radi\u00e1tory KORAD<\/title>\n<meta name=\"robots\" content=\"index, follow, max-snippet:-1, max-image-preview:large, max-video-preview:-1\" \/>\n<link rel=\"canonical\" href=\"https:\/\/www.korad-radiators.sk\/novinky\/\" \/>\n<meta property=\"og:locale\" content=\"en_US\" \/>\n<meta property=\"og:type\" content=\"article\" \/>\n<meta property=\"og:title\" content=\"Novinky - Radi\u00e1tory KORAD\" \/>\n<meta property=\"og:url\" content=\"https:\/\/www.korad-radiators.sk\/novinky\/\" \/>\n<meta property=\"og:site_name\" content=\"Radi\u00e1tory KORAD\" \/>\n<meta property=\"article:modified_time\" content=\"2020-10-01T15:43:29+00:00\" \/>\n<meta name=\"twitter:card\" content=\"summary_large_image\" \/>\n<meta name=\"twitter:label1\" content=\"Est. reading time\" \/>\n\t<meta name=\"twitter:data1\" content=\"1 minute\" \/>\n<script type=\"application\/ld+json\" class=\"yoast-schema-graph\">{\"@context\":\"https:\\\/\\\/schema.org\",\"@graph\":[{\"@type\":\"WebPage\",\"@id\":\"https:\\\/\\\/www.korad-radiators.sk\\\/novinky\\\/\",\"url\":\"https:\\\/\\\/www.korad-radiators.sk\\\/novinky\\\/\",\"name\":\"Novinky - Radi\u00e1tory KORAD\",\"isPartOf\":{\"@id\":\"https:\\\/\\\/www.korad-radiators.sk\\\/#website\"},\"datePublished\":\"2016-09-17T22:21:37+00:00\",\"dateModified\":\"2020-10-01T15:43:29+00:00\",\"breadcrumb\":{\"@id\":\"https:\\\/\\\/www.korad-radiators.sk\\\/novinky\\\/#breadcrumb\"},\"inLanguage\":\"en-US\",\"potentialAction\":[{\"@type\":\"ReadAction\",\"target\":[\"https:\\\/\\\/www.korad-radiators.sk\\\/novinky\\\/\"]}]},{\"@type\":\"BreadcrumbList\",\"@id\":\"https:\\\/\\\/www.korad-radiators.sk\\\/novinky\\\/#breadcrumb\",\"itemListElement\":[{\"@type\":\"ListItem\",\"position\":1,\"name\":\"Domovsk\u00e1 str\u00e1nka\",\"item\":\"https:\\\/\\\/www.korad-radiators.sk\\\/\"},{\"@type\":\"ListItem\",\"position\":2,\"name\":\"Novinky\"}]},{\"@type\":\"WebSite\",\"@id\":\"https:\\\/\\\/www.korad-radiators.sk\\\/#website\",\"url\":\"https:\\\/\\\/www.korad-radiators.sk\\\/\",\"name\":\"Radi\u00e1tory KORAD\",\"description\":\"panelov\u00e9 radi\u00e1tory\",\"publisher\":{\"@id\":\"https:\\\/\\\/www.korad-radiators.sk\\\/#organization\"},\"alternateName\":\"Panelov\u00e9 radi\u00e1tory KORAD Ko\u0161ice\",\"potentialAction\":[{\"@type\":\"SearchAction\",\"target\":{\"@type\":\"EntryPoint\",\"urlTemplate\":\"https:\\\/\\\/www.korad-radiators.sk\\\/?s={search_term_string}\"},\"query-input\":{\"@type\":\"PropertyValueSpecification\",\"valueRequired\":true,\"valueName\":\"search_term_string\"}}],\"inLanguage\":\"en-US\"},{\"@type\":\"Organization\",\"@id\":\"https:\\\/\\\/www.korad-radiators.sk\\\/#organization\",\"name\":\"KORAD Radiators s.r.o.\",\"alternateName\":\"Panelov\u00e9 radi\u00e1tory KORAD Ko\u0161ice\",\"url\":\"https:\\\/\\\/www.korad-radiators.sk\\\/\",\"logo\":{\"@type\":\"ImageObject\",\"inLanguage\":\"en-US\",\"@id\":\"https:\\\/\\\/www.korad-radiators.sk\\\/#\\\/schema\\\/logo\\\/image\\\/\",\"url\":\"https:\\\/\\\/www.korad-radiators.sk\\\/wp-content\\\/uploads\\\/2020\\\/05\\\/logo-korad.jpg\",\"contentUrl\":\"https:\\\/\\\/www.korad-radiators.sk\\\/wp-content\\\/uploads\\\/2020\\\/05\\\/logo-korad.jpg\",\"width\":479,\"height\":151,\"caption\":\"KORAD Radiators s.r.o.\"},\"image\":{\"@id\":\"https:\\\/\\\/www.korad-radiators.sk\\\/#\\\/schema\\\/logo\\\/image\\\/\"}}]}<\/script>\n<!-- \/ Yoast SEO plugin. -->","yoast_head_json":{"title":"Novinky - Radi\u00e1tory KORAD","robots":{"index":"index","follow":"follow","max-snippet":"max-snippet:-1","max-image-preview":"max-image-preview:large","max-video-preview":"max-video-preview:-1"},"canonical":"https:\/\/www.korad-radiators.sk\/novinky\/","og_locale":"en_US","og_type":"article","og_title":"Novinky - Radi\u00e1tory KORAD","og_url":"https:\/\/www.korad-radiators.sk\/novinky\/","og_site_name":"Radi\u00e1tory KORAD","article_modified_time":"2020-10-01T15:43:29+00:00","twitter_card":"summary_large_image","twitter_misc":{"Est. reading time":"1 minute"},"schema":{"@context":"https:\/\/schema.org","@graph":[{"@type":"WebPage","@id":"https:\/\/www.korad-radiators.sk\/novinky\/","url":"https:\/\/www.korad-radiators.sk\/novinky\/","name":"Novinky - Radi\u00e1tory KORAD","isPartOf":{"@id":"https:\/\/www.korad-radiators.sk\/#website"},"datePublished":"2016-09-17T22:21:37+00:00","dateModified":"2020-10-01T15:43:29+00:00","breadcrumb":{"@id":"https:\/\/www.korad-radiators.sk\/novinky\/#breadcrumb"},"inLanguage":"en-US","potentialAction":[{"@type":"ReadAction","target":["https:\/\/www.korad-radiators.sk\/novinky\/"]}]},{"@type":"BreadcrumbList","@id":"https:\/\/www.korad-radiators.sk\/novinky\/#breadcrumb","itemListElement":[{"@type":"ListItem","position":1,"name":"Domovsk\u00e1 str\u00e1nka","item":"https:\/\/www.korad-radiators.sk\/"},{"@type":"ListItem","position":2,"name":"Novinky"}]},{"@type":"WebSite","@id":"https:\/\/www.korad-radiators.sk\/#website","url":"https:\/\/www.korad-radiators.sk\/","name":"Radi\u00e1tory KORAD","description":"panelov\u00e9 radi\u00e1tory","publisher":{"@id":"https:\/\/www.korad-radiators.sk\/#organization"},"alternateName":"Panelov\u00e9 radi\u00e1tory KORAD Ko\u0161ice","potentialAction":[{"@type":"SearchAction","target":{"@type":"EntryPoint","urlTemplate":"https:\/\/www.korad-radiators.sk\/?s={search_term_string}"},"query-input":{"@type":"PropertyValueSpecification","valueRequired":true,"valueName":"search_term_string"}}],"inLanguage":"en-US"},{"@type":"Organization","@id":"https:\/\/www.korad-radiators.sk\/#organization","name":"KORAD Radiators s.r.o.","alternateName":"Panelov\u00e9 radi\u00e1tory KORAD Ko\u0161ice","url":"https:\/\/www.korad-radiators.sk\/","logo":{"@type":"ImageObject","inLanguage":"en-US","@id":"https:\/\/www.korad-radiators.sk\/#\/schema\/logo\/image\/","url":"https:\/\/www.korad-radiators.sk\/wp-content\/uploads\/2020\/05\/logo-korad.jpg","contentUrl":"https:\/\/www.korad-radiators.sk\/wp-content\/uploads\/2020\/05\/logo-korad.jpg","width":479,"height":151,"caption":"KORAD Radiators s.r.o."},"image":{"@id":"https:\/\/www.korad-radiators.sk\/#\/schema\/logo\/image\/"}}]}},"_links":{"self":[{"href":"https:\/\/www.korad-radiators.sk\/en\/wp-json\/wp\/v2\/pages\/2723","targetHints":{"allow":["GET"]}}],"collection":[{"href":"https:\/\/www.korad-radiators.sk\/en\/wp-json\/wp\/v2\/pages"}],"about":[{"href":"https:\/\/www.korad-radiators.sk\/en\/wp-json\/wp\/v2\/types\/page"}],"author":[{"embeddable":true,"href":"https:\/\/www.korad-radiators.sk\/en\/wp-json\/wp\/v2\/users\/1"}],"replies":[{"embeddable":true,"href":"https:\/\/www.korad-radiators.sk\/en\/wp-json\/wp\/v2\/comments?post=2723"}],"version-history":[{"count":2,"href":"https:\/\/www.korad-radiators.sk\/en\/wp-json\/wp\/v2\/pages\/2723\/revisions"}],"predecessor-version":[{"id":5682,"href":"https:\/\/www.korad-radiators.sk\/en\/wp-json\/wp\/v2\/pages\/2723\/revisions\/5682"}],"wp:attachment":[{"href":"https:\/\/www.korad-radiators.sk\/en\/wp-json\/wp\/v2\/media?parent=2723"}],"curies":[{"name":"wp","href":"https:\/\/api.w.org\/{rel}","templated":true}]}}